{"id":1908,"date":"2018-04-20T13:35:20","date_gmt":"2018-04-20T17:35:20","guid":{"rendered":"http:\/\/forestandstream.ca\/?page_id=1908\/"},"modified":"2025-11-01T13:49:27","modified_gmt":"2025-11-01T17:49:27","slug":"contact-us","status":"publish","type":"page","link":"https:\/\/forestandstream.ca\/fr\/contact-us\/","title":{"rendered":"Contactez-nous"},"content":{"rendered":"<div class=\"wpb-content-wrapper\"><p>[vc_row full_width=\u00a0\u00bbstretch_row_content_no_spaces\u00a0\u00bb][vc_column][vc_single_image image=\u00a0\u00bb3509&Prime; img_size=\u00a0\u00bbfull\u00a0\u00bb][\/vc_column][\/vc_row][vc_row][vc_column][vc_empty_space height=\u00a0\u00bb10.1em\u00a0\u00bb alter_height=\u00a0\u00bbnone\u00a0\u00bb hide_on_mobile=\u00a0\u00bb\u00a0\u00bb][\/vc_column][\/vc_row][vc_row][vc_column width=\u00a0\u00bb1\/2&Prime; css=\u00a0\u00bb.vc_custom_1663170635085{padding-left: 3em !important;background-color: #f5f5f7 !important;}\u00a0\u00bb][vc_empty_space height=\u00a0\u00bb3em\u00a0\u00bb alter_height=\u00a0\u00bbnone\u00a0\u00bb hide_on_mobile=\u00a0\u00bb\u00a0\u00bb][vc_column_text]<strong>Location<\/strong><\/p>\n<p>Le Club Forest &amp; Stream<br \/>\n<a href=\"https:\/\/www.google.com\/maps\/place\/1800+Lakeshore+Dr,+Dorval,+QC+H9S+2E6\/@45.4401939,-73.7680695,17z\/data=!3m1!4b1!4m5!3m4!1s0x4cc93defa9edd9dd:0x516b26cd464fba33!8m2!3d45.4401939!4d-73.7658808\" target=\"_blank\" rel=\"noopener noreferrer\">1800, chemin Bord-du-Lac<br \/>\nDorval (Qu\u00e9bec)<br \/>\nCanada\u00a0 H9S 2E6<\/a><\/p>\n<p>T\u00e9l\u00e9phone : <a href=\"tel:+15146317101\">514-631-7101<\/a><br \/>\nFax : 514 631-3239<\/p>\n<p><span style=\"color: #1d1d1d;\"><b>Courriels<\/b><\/span><\/p>\n<p><a href=\"mailto:info@forestandstream.ca\">Informations g\u00e9n\u00e9rales et r\u00e9servations<\/a><\/p>\n<p><a href=\"mailto:coordinator@forestandstream.ca\">Information sur les mariages\u00a0<\/a><\/p>\n<p><a href=\"mailto:ventes@forestandstream.ca\">C\u00e9l\u00e9bration de vie<\/a><\/p>\n<p><a href=\"mailto:chef@forestandstream.ca\">Brian Bevand<\/a><a href=\"mailto:brian.bevand@forestandstream.ca\">, Chef ex\u00e9cutif<\/a><\/p>\n<p><a href=\"mailto:comptable@forestandstream.ca\">Comptable<\/a><\/p>\n<p><a href=\"mailto:directeurrestauration@forestandstream.ca\" target=\"_blank\" rel=\"noopener\">Milton Guerrero, Directeur de restauration<\/a><\/p>\n<p><a href=\"ted@forestandstream.ca\">\u00a0<\/a>[\/vc_column_text][vc_empty_space height=\u00a0\u00bb5em\u00a0\u00bb alter_height=\u00a0\u00bbnone\u00a0\u00bb hide_on_mobile=\u00a0\u00bb\u00a0\u00bb][\/vc_column][\/vc_row]<\/p>\n<\/div>","protected":false},"excerpt":{"rendered":"<p>[vc_row full_width=\u00a0\u00bbstretch_row_content_no_spaces\u00a0\u00bb][vc_column][vc_single_image image=\u00a0\u00bb3509&Prime; img_size=\u00a0\u00bbfull\u00a0\u00bb][\/vc_column][\/vc_row][vc_row][vc_column][vc_empty_space height=\u00a0\u00bb10.1em\u00a0\u00bb alter_height=\u00a0\u00bbnone\u00a0\u00bb hide_on_mobile=\u00a0\u00bb\u00a0\u00bb][\/vc_column][\/vc_row][vc_row][vc_column width=\u00a0\u00bb1\/2&Prime; css=\u00a0\u00bb.vc_custom_1663170635085{padding-left: 3em !important;background-color: #f5f5f7 !important;}\u00a0\u00bb][vc_empty_space height=\u00a0\u00bb3em\u00a0\u00bb alter_height=\u00a0\u00bbnone\u00a0\u00bb hide_on_mobile=\u00a0\u00bb\u00a0\u00bb][vc_column_text]Location Le Club Forest &amp; Stream 1800, chemin Bord-du-Lac Dorval (Qu\u00e9bec) Canada\u00a0 H9S 2E6 T\u00e9l\u00e9phone : 514-631-7101 Fax : 514 631-3239 Courriels Informations g\u00e9n\u00e9rales et r\u00e9servations Information sur les mariages\u00a0 C\u00e9l\u00e9bration de vie Brian Bevand, Chef ex\u00e9cutif Comptable Milton Guerrero, Directeur de restauration \u00a0[\/vc_column_text][vc_empty_space height=\u00a0\u00bb5em\u00a0\u00bb&hellip;<\/p>\n","protected":false},"author":1,"featured_media":0,"parent":0,"menu_order":0,"comment_status":"closed","ping_status":"closed","template":"","meta":{"footnotes":""},"class_list":["post-1908","page","type-page","status-publish","hentry"],"yoast_head":"<!-- This site is optimized with the Yoast SEO plugin v27.3 - https:\/\/yoast.com\/product\/yoast-seo-wordpress\/ -->\n<title>Contact - Club social priv\u00e9 et exclusif | Le Club Forest &amp; Stream<\/title>\n<meta name=\"description\" content=\"Faites partie du seul club social priv\u00e9 et exclusif situ\u00e9 dans l\u2019ouest de l\u2019\u00eele. Pour plus d&#039;informations contactez-nous aujourd&#039;hui !\" \/>\n<meta name=\"robots\" content=\"index, follow, max-snippet:-1, max-image-preview:large, max-video-preview:-1\" \/>\n<link rel=\"canonical\" href=\"https:\/\/forestandstream.ca\/fr\/contact-us\/\" \/>\n<meta property=\"og:locale\" content=\"fr_FR\" \/>\n<meta property=\"og:type\" content=\"article\" \/>\n<meta property=\"og:title\" content=\"Contact - Club social priv\u00e9 et exclusif | Le Club Forest &amp; Stream\" \/>\n<meta property=\"og:description\" content=\"Faites partie du seul club social priv\u00e9 et exclusif situ\u00e9 dans l\u2019ouest de l\u2019\u00eele. Pour plus d&#039;informations contactez-nous aujourd&#039;hui !\" \/>\n<meta property=\"og:url\" content=\"https:\/\/forestandstream.ca\/fr\/contact-us\/\" \/>\n<meta property=\"og:site_name\" content=\"Le Forest &amp; Stream Club\" \/>\n<meta property=\"article:modified_time\" content=\"2025-11-01T17:49:27+00:00\" \/>\n<meta name=\"twitter:card\" content=\"summary_large_image\" \/>\n<meta name=\"twitter:label1\" content=\"Dur\u00e9e de lecture estim\u00e9e\" \/>\n\t<meta name=\"twitter:data1\" content=\"1 minute\" \/>\n<script type=\"application\/ld+json\" class=\"yoast-schema-graph\">{\"@context\":\"https:\\\/\\\/schema.org\",\"@graph\":[{\"@type\":\"WebPage\",\"@id\":\"https:\\\/\\\/forestandstream.ca\\\/fr\\\/contact-us\\\/\",\"url\":\"https:\\\/\\\/forestandstream.ca\\\/fr\\\/contact-us\\\/\",\"name\":\"Contact - Club social priv\u00e9 et exclusif | Le Club Forest & Stream\",\"isPartOf\":{\"@id\":\"https:\\\/\\\/forestandstream.ca\\\/#website\"},\"datePublished\":\"2018-04-20T17:35:20+00:00\",\"dateModified\":\"2025-11-01T17:49:27+00:00\",\"description\":\"Faites partie du seul club social priv\u00e9 et exclusif situ\u00e9 dans l\u2019ouest de l\u2019\u00eele. Pour plus d'informations contactez-nous aujourd'hui !\",\"breadcrumb\":{\"@id\":\"https:\\\/\\\/forestandstream.ca\\\/fr\\\/contact-us\\\/#breadcrumb\"},\"inLanguage\":\"fr-FR\",\"potentialAction\":[{\"@type\":\"ReadAction\",\"target\":[\"https:\\\/\\\/forestandstream.ca\\\/fr\\\/contact-us\\\/\"]}]},{\"@type\":\"BreadcrumbList\",\"@id\":\"https:\\\/\\\/forestandstream.ca\\\/fr\\\/contact-us\\\/#breadcrumb\",\"itemListElement\":[{\"@type\":\"ListItem\",\"position\":1,\"name\":\"Home\",\"item\":\"https:\\\/\\\/forestandstream.ca\\\/fr\\\/bienvenue\\\/\"},{\"@type\":\"ListItem\",\"position\":2,\"name\":\"Contactez-nous\"}]},{\"@type\":\"WebSite\",\"@id\":\"https:\\\/\\\/forestandstream.ca\\\/#website\",\"url\":\"https:\\\/\\\/forestandstream.ca\\\/\",\"name\":\"Le Forest & Stream Club\",\"description\":\"\",\"potentialAction\":[{\"@type\":\"SearchAction\",\"target\":{\"@type\":\"EntryPoint\",\"urlTemplate\":\"https:\\\/\\\/forestandstream.ca\\\/?s={search_term_string}\"},\"query-input\":{\"@type\":\"PropertyValueSpecification\",\"valueRequired\":true,\"valueName\":\"search_term_string\"}}],\"inLanguage\":\"fr-FR\"}]}<\/script>\n<!-- \/ Yoast SEO plugin. -->","yoast_head_json":{"title":"Contact - Club social priv\u00e9 et exclusif | Le Club Forest & Stream","description":"Faites partie du seul club social priv\u00e9 et exclusif situ\u00e9 dans l\u2019ouest de l\u2019\u00eele. Pour plus d'informations contactez-nous aujourd'hui !","robots":{"index":"index","follow":"follow","max-snippet":"max-snippet:-1","max-image-preview":"max-image-preview:large","max-video-preview":"max-video-preview:-1"},"canonical":"https:\/\/forestandstream.ca\/fr\/contact-us\/","og_locale":"fr_FR","og_type":"article","og_title":"Contact - Club social priv\u00e9 et exclusif | Le Club Forest & Stream","og_description":"Faites partie du seul club social priv\u00e9 et exclusif situ\u00e9 dans l\u2019ouest de l\u2019\u00eele. Pour plus d'informations contactez-nous aujourd'hui !","og_url":"https:\/\/forestandstream.ca\/fr\/contact-us\/","og_site_name":"Le Forest & Stream Club","article_modified_time":"2025-11-01T17:49:27+00:00","twitter_card":"summary_large_image","twitter_misc":{"Dur\u00e9e de lecture estim\u00e9e":"1 minute"},"schema":{"@context":"https:\/\/schema.org","@graph":[{"@type":"WebPage","@id":"https:\/\/forestandstream.ca\/fr\/contact-us\/","url":"https:\/\/forestandstream.ca\/fr\/contact-us\/","name":"Contact - Club social priv\u00e9 et exclusif | Le Club Forest & Stream","isPartOf":{"@id":"https:\/\/forestandstream.ca\/#website"},"datePublished":"2018-04-20T17:35:20+00:00","dateModified":"2025-11-01T17:49:27+00:00","description":"Faites partie du seul club social priv\u00e9 et exclusif situ\u00e9 dans l\u2019ouest de l\u2019\u00eele. Pour plus d'informations contactez-nous aujourd'hui !","breadcrumb":{"@id":"https:\/\/forestandstream.ca\/fr\/contact-us\/#breadcrumb"},"inLanguage":"fr-FR","potentialAction":[{"@type":"ReadAction","target":["https:\/\/forestandstream.ca\/fr\/contact-us\/"]}]},{"@type":"BreadcrumbList","@id":"https:\/\/forestandstream.ca\/fr\/contact-us\/#breadcrumb","itemListElement":[{"@type":"ListItem","position":1,"name":"Home","item":"https:\/\/forestandstream.ca\/fr\/bienvenue\/"},{"@type":"ListItem","position":2,"name":"Contactez-nous"}]},{"@type":"WebSite","@id":"https:\/\/forestandstream.ca\/#website","url":"https:\/\/forestandstream.ca\/","name":"Le Forest & Stream Club","description":"","potentialAction":[{"@type":"SearchAction","target":{"@type":"EntryPoint","urlTemplate":"https:\/\/forestandstream.ca\/?s={search_term_string}"},"query-input":{"@type":"PropertyValueSpecification","valueRequired":true,"valueName":"search_term_string"}}],"inLanguage":"fr-FR"}]}},"_links":{"self":[{"href":"https:\/\/forestandstream.ca\/fr\/wp-json\/wp\/v2\/pages\/1908","targetHints":{"allow":["GET"]}}],"collection":[{"href":"https:\/\/forestandstream.ca\/fr\/wp-json\/wp\/v2\/pages"}],"about":[{"href":"https:\/\/forestandstream.ca\/fr\/wp-json\/wp\/v2\/types\/page"}],"author":[{"embeddable":true,"href":"https:\/\/forestandstream.ca\/fr\/wp-json\/wp\/v2\/users\/1"}],"replies":[{"embeddable":true,"href":"https:\/\/forestandstream.ca\/fr\/wp-json\/wp\/v2\/comments?post=1908"}],"version-history":[{"count":0,"href":"https:\/\/forestandstream.ca\/fr\/wp-json\/wp\/v2\/pages\/1908\/revisions"}],"wp:attachment":[{"href":"https:\/\/forestandstream.ca\/fr\/wp-json\/wp\/v2\/media?parent=1908"}],"curies":[{"name":"wp","href":"https:\/\/api.w.org\/{rel}","templated":true}]}}