{"id":2191,"date":"2018-06-18T16:15:23","date_gmt":"2018-06-18T20:15:23","guid":{"rendered":"http:\/\/forestandstream.ca\/?page_id=2191\/"},"modified":"2018-08-23T11:42:32","modified_gmt":"2018-08-23T15:42:32","slug":"calendar-page","status":"publish","type":"page","link":"https:\/\/forestandstream.ca\/fr\/calendar-page\/","title":{"rendered":"Calendar Page"},"content":{"rendered":"<div class=\"wpb-content-wrapper\"><p>[vc_row][vc_column]<div class=\"sc_events sc_events_detailed\" data-slides-min-width=\"150\"\t\t>\n\t\t<div class=\"sc_events_content sc_item_content\"><a href=\"https:\/\/forestandstream.ca\/fr\/event\/soiree-dhomard-lobster-night\/\" class=\"sc_events_item\"><span class=\"sc_events_item_date_wrap\"><span class=\"sc_events_item_date\">Juil. 21<\/span><\/span><span class=\"sc_events_item_title_wrap\"><span class=\"sc_events_item_title\">Soir\u00e9e d&rsquo;homard \/ Lobster Night<\/span><\/span><span class=\"sc_events_item_time_wrap\"><span class=\"sc_events_item_time\">6:00 PM<\/span><\/span><span class=\"sc_events_item_button_wrap\"><span class=\"sc_events_item_button\">Details<\/span><\/span><\/a><\/div><\/div><!-- \/.sc_events -->[\/vc_column][\/vc_row]<\/p>\n<\/div>","protected":false},"excerpt":{"rendered":"<p>[vc_row][vc_column][\/vc_column][\/vc_row]<\/p>\n","protected":false},"author":17,"featured_media":0,"parent":0,"menu_order":0,"comment_status":"closed","ping_status":"closed","template":"","meta":{"footnotes":""},"class_list":["post-2191","page","type-page","status-publish","hentry"],"yoast_head":"<!-- This site is optimized with the Yoast SEO plugin v27.5 - https:\/\/yoast.com\/product\/yoast-seo-wordpress\/ -->\n<title>Calendrier - Club social priv\u00e9, luxueux et exclusif | Le Club Forest &amp; Stream<\/title>\n<meta name=\"description\" content=\"Club social priv\u00e9 luxueux et exclusif. Forest &amp; Stream Club. Calendrier des \u00e9v\u00e9nements.\" \/>\n<meta name=\"robots\" content=\"index, follow, max-snippet:-1, max-image-preview:large, max-video-preview:-1\" \/>\n<link rel=\"canonical\" href=\"https:\/\/forestandstream.ca\/fr\/calendar-page\/\" \/>\n<meta property=\"og:locale\" content=\"fr_FR\" \/>\n<meta property=\"og:type\" content=\"article\" \/>\n<meta property=\"og:title\" content=\"Calendrier - Club social priv\u00e9, luxueux et exclusif | Le Club Forest &amp; Stream\" \/>\n<meta property=\"og:description\" content=\"Club social priv\u00e9 luxueux et exclusif. Forest &amp; Stream Club. Calendrier des \u00e9v\u00e9nements.\" \/>\n<meta property=\"og:url\" content=\"https:\/\/forestandstream.ca\/fr\/calendar-page\/\" \/>\n<meta property=\"og:site_name\" content=\"Le Forest &amp; Stream Club\" \/>\n<meta property=\"article:modified_time\" content=\"2018-08-23T15:42:32+00:00\" \/>\n<meta name=\"twitter:card\" content=\"summary_large_image\" \/>\n<script type=\"application\/ld+json\" class=\"yoast-schema-graph\">{\"@context\":\"https:\\\/\\\/schema.org\",\"@graph\":[{\"@type\":\"WebPage\",\"@id\":\"https:\\\/\\\/forestandstream.ca\\\/fr\\\/calendar-page\\\/\",\"url\":\"https:\\\/\\\/forestandstream.ca\\\/fr\\\/calendar-page\\\/\",\"name\":\"Calendrier - Club social priv\u00e9, luxueux et exclusif | Le Club Forest & Stream\",\"isPartOf\":{\"@id\":\"https:\\\/\\\/forestandstream.ca\\\/#website\"},\"datePublished\":\"2018-06-18T20:15:23+00:00\",\"dateModified\":\"2018-08-23T15:42:32+00:00\",\"description\":\"Club social priv\u00e9 luxueux et exclusif. Forest & Stream Club. Calendrier des \u00e9v\u00e9nements.\",\"breadcrumb\":{\"@id\":\"https:\\\/\\\/forestandstream.ca\\\/fr\\\/calendar-page\\\/#breadcrumb\"},\"inLanguage\":\"fr-FR\",\"potentialAction\":[{\"@type\":\"ReadAction\",\"target\":[\"https:\\\/\\\/forestandstream.ca\\\/fr\\\/calendar-page\\\/\"]}]},{\"@type\":\"BreadcrumbList\",\"@id\":\"https:\\\/\\\/forestandstream.ca\\\/fr\\\/calendar-page\\\/#breadcrumb\",\"itemListElement\":[{\"@type\":\"ListItem\",\"position\":1,\"name\":\"Home\",\"item\":\"https:\\\/\\\/forestandstream.ca\\\/fr\\\/bienvenue\\\/\"},{\"@type\":\"ListItem\",\"position\":2,\"name\":\"Calendar Page\"}]},{\"@type\":\"WebSite\",\"@id\":\"https:\\\/\\\/forestandstream.ca\\\/#website\",\"url\":\"https:\\\/\\\/forestandstream.ca\\\/\",\"name\":\"Le Forest & Stream Club\",\"description\":\"\",\"potentialAction\":[{\"@type\":\"SearchAction\",\"target\":{\"@type\":\"EntryPoint\",\"urlTemplate\":\"https:\\\/\\\/forestandstream.ca\\\/?s={search_term_string}\"},\"query-input\":{\"@type\":\"PropertyValueSpecification\",\"valueRequired\":true,\"valueName\":\"search_term_string\"}}],\"inLanguage\":\"fr-FR\"}]}<\/script>\n<!-- \/ Yoast SEO plugin. -->","yoast_head_json":{"title":"Calendrier - Club social priv\u00e9, luxueux et exclusif | Le Club Forest & Stream","description":"Club social priv\u00e9 luxueux et exclusif. Forest & Stream Club. Calendrier des \u00e9v\u00e9nements.","robots":{"index":"index","follow":"follow","max-snippet":"max-snippet:-1","max-image-preview":"max-image-preview:large","max-video-preview":"max-video-preview:-1"},"canonical":"https:\/\/forestandstream.ca\/fr\/calendar-page\/","og_locale":"fr_FR","og_type":"article","og_title":"Calendrier - Club social priv\u00e9, luxueux et exclusif | Le Club Forest & Stream","og_description":"Club social priv\u00e9 luxueux et exclusif. Forest & Stream Club. Calendrier des \u00e9v\u00e9nements.","og_url":"https:\/\/forestandstream.ca\/fr\/calendar-page\/","og_site_name":"Le Forest & Stream Club","article_modified_time":"2018-08-23T15:42:32+00:00","twitter_card":"summary_large_image","schema":{"@context":"https:\/\/schema.org","@graph":[{"@type":"WebPage","@id":"https:\/\/forestandstream.ca\/fr\/calendar-page\/","url":"https:\/\/forestandstream.ca\/fr\/calendar-page\/","name":"Calendrier - Club social priv\u00e9, luxueux et exclusif | Le Club Forest & Stream","isPartOf":{"@id":"https:\/\/forestandstream.ca\/#website"},"datePublished":"2018-06-18T20:15:23+00:00","dateModified":"2018-08-23T15:42:32+00:00","description":"Club social priv\u00e9 luxueux et exclusif. Forest & Stream Club. Calendrier des \u00e9v\u00e9nements.","breadcrumb":{"@id":"https:\/\/forestandstream.ca\/fr\/calendar-page\/#breadcrumb"},"inLanguage":"fr-FR","potentialAction":[{"@type":"ReadAction","target":["https:\/\/forestandstream.ca\/fr\/calendar-page\/"]}]},{"@type":"BreadcrumbList","@id":"https:\/\/forestandstream.ca\/fr\/calendar-page\/#breadcrumb","itemListElement":[{"@type":"ListItem","position":1,"name":"Home","item":"https:\/\/forestandstream.ca\/fr\/bienvenue\/"},{"@type":"ListItem","position":2,"name":"Calendar Page"}]},{"@type":"WebSite","@id":"https:\/\/forestandstream.ca\/#website","url":"https:\/\/forestandstream.ca\/","name":"Le Forest & Stream Club","description":"","potentialAction":[{"@type":"SearchAction","target":{"@type":"EntryPoint","urlTemplate":"https:\/\/forestandstream.ca\/?s={search_term_string}"},"query-input":{"@type":"PropertyValueSpecification","valueRequired":true,"valueName":"search_term_string"}}],"inLanguage":"fr-FR"}]}},"_links":{"self":[{"href":"https:\/\/forestandstream.ca\/fr\/wp-json\/wp\/v2\/pages\/2191","targetHints":{"allow":["GET"]}}],"collection":[{"href":"https:\/\/forestandstream.ca\/fr\/wp-json\/wp\/v2\/pages"}],"about":[{"href":"https:\/\/forestandstream.ca\/fr\/wp-json\/wp\/v2\/types\/page"}],"author":[{"embeddable":true,"href":"https:\/\/forestandstream.ca\/fr\/wp-json\/wp\/v2\/users\/17"}],"replies":[{"embeddable":true,"href":"https:\/\/forestandstream.ca\/fr\/wp-json\/wp\/v2\/comments?post=2191"}],"version-history":[{"count":0,"href":"https:\/\/forestandstream.ca\/fr\/wp-json\/wp\/v2\/pages\/2191\/revisions"}],"wp:attachment":[{"href":"https:\/\/forestandstream.ca\/fr\/wp-json\/wp\/v2\/media?parent=2191"}],"curies":[{"name":"wp","href":"https:\/\/api.w.org\/{rel}","templated":true}]}}