{"id":5405,"date":"2025-10-22T15:56:14","date_gmt":"2025-10-22T19:56:14","guid":{"rendered":"https:\/\/forestandstream.ca\/clubs-reciproques\/"},"modified":"2026-03-16T16:24:57","modified_gmt":"2026-03-16T20:24:57","slug":"clubs-reciproques","status":"publish","type":"page","link":"https:\/\/forestandstream.ca\/fr\/clubs-reciproques\/","title":{"rendered":"Clubs R\u00e9ciproques"},"content":{"rendered":"<div class=\"wpb-content-wrapper\"><p>[vc_row][vc_column][vc_row_inner][vc_column_inner][vc_column_text css=\u00a0\u00bb\u00a0\u00bb]<\/p>\n<p data-start=\"106\" data-end=\"436\">L\u2019adh\u00e9sion au Forest &amp; Stream Club ouvre la porte \u00e0 un r\u00e9seau exceptionnel de clubs priv\u00e9s \u00e0 travers le monde. Gr\u00e2ce \u00e0 nos ententes de r\u00e9ciprocit\u00e9, nos membres peuvent profiter d\u2019un acc\u00e8s \u00e0 des clubs remarquables situ\u00e9s dans de grandes villes ainsi que dans des destinations uniques en Am\u00e9rique du Nord, en Europe et ailleurs.<\/p>\n<p data-start=\"438\" data-end=\"646\">Explorez la carte pour d\u00e9couvrir les destinations privil\u00e9gi\u00e9es offertes \u00e0 nos membres. Cliquez sur l\u2019ic\u00f4ne situ\u00e9e dans le coin sup\u00e9rieur gauche de la carte pour consulter la liste compl\u00e8te des clubs affili\u00e9s.<\/p>\n<p data-start=\"648\" data-end=\"871\">Si vous \u00eates membre du Forest &amp; Stream Club et souhaitez visiter l\u2019un de nos clubs r\u00e9ciproques, veuillez nous contacter \u00e0 <strong data-start=\"770\" data-end=\"797\">info@forestandstream.ca<\/strong>. Il nous fera plaisir de vous assister pour organiser votre introduction.<\/p>\n<p>[\/vc_column_text][\/vc_column_inner][\/vc_row_inner][vc_separator border_width=\u00a0\u00bb4&Prime; css=\u00a0\u00bb\u00a0\u00bb][\/vc_column][\/vc_row][vc_row 0=\u00a0\u00bb\u00a0\u00bb][vc_column 0=\u00a0\u00bb\u00a0\u00bb][vc_tta_tabs 0=\u00a0\u00bb\u00a0\u00bb active_section=\u00a0\u00bb1&Prime;][vc_tta_section title=\u00a0\u00bbCanada\u00a0\u00bb tab_id=\u00a0\u00bb1759082090451-4ee0f852-49b8&Prime;][vc_row_inner 0=\u00a0\u00bb\u00a0\u00bb][vc_column_inner 0=\u00a0\u00bb\u00a0\u00bb][vc_gmaps 0=\u00a0\u00bb\u00a0\u00bb link=\u00a0\u00bb#E-8_JTNDaWZyYW1lJTIwc3JjJTNEJTIyaHR0cHMlM0ElMkYlMkZ3d3cuZ29vZ2xlLmNvbSUyRm1hcHMlMkZkJTJGdSUyRjAlMkZlbWJlZCUzRm1pZCUzRDF2WVlUQ2pMNGxNX3c2dlc1QlhUc0Z0OEdCT3dWektZJTI2ZWhiYyUzRDJFMzEyRiUyNm5vcHJvZiUzRDElMjIlMjB3aWR0aCUzRCUyMjY0MCUyMiUyMGhlaWdodCUzRCUyMjcwMCUyMiUzRSUzQyUyRmlmcmFtZSUzRQ==\u00a0\u00bb title=\u00a0\u00bbCanada\u00a0\u00bb][\/vc_column_inner][\/vc_row_inner][\/vc_tta_section][vc_tta_section title=\u00a0\u00bb\u00c9tats-Unis\u00a0\u00bb tab_id=\u00a0\u00bb1759082090477-3a429551-03a0&Prime;][vc_gmaps link=\u00a0\u00bb#E-8_JTNDaWZyYW1lJTIwc3JjJTNEJTIyaHR0cHMlM0ElMkYlMkZ3d3cuZ29vZ2xlLmNvbSUyRm1hcHMlMkZkJTJGdSUyRjAlMkZlbWJlZCUzRm1pZCUzRDFWVnhZQmNqck5oZFhvM2VtZzd2LTBlYzBEa2xfdm5vJTI2ZWhiYyUzRDJFMzEyRiUyNm5vcHJvZiUzRDElMjIlMjB3aWR0aCUzRCUyMjY0MCUyMiUyMGhlaWdodCUzRCUyMjcwMCUyMiUzRSUzQyUyRmlmcmFtZSUzRQ==\u00a0\u00bb title=\u00a0\u00bb\u00c9tats-Unis\u00a0\u00bb][\/vc_tta_section][vc_tta_section title=\u00a0\u00bbInternational\u00a0\u00bb tab_id=\u00a0\u00bb1761150329591-1bfbb2d5-e41b\u00a0\u00bb][vc_gmaps link=\u00a0\u00bb#E-8_JTNDaWZyYW1lJTIwc3JjJTNEJTIyaHR0cHMlM0ElMkYlMkZ3d3cuZ29vZ2xlLmNvbSUyRm1hcHMlMkZkJTJGdSUyRjAlMkZlbWJlZCUzRm1pZCUzRDFHZUhIT1pscjk5RjB2NEhpZHJ1RVJxcjZ1dl9QMjZrJTI2ZWhiYyUzRDJFMzEyRiUyNm5vcHJvZiUzRDElMjIlMjB3aWR0aCUzRCUyMjY0MCUyMiUyMGhlaWdodCUzRCUyMjcwMCUyMiUzRSUzQyUyRmlmcmFtZSUzRQ==\u00a0\u00bb title=\u00a0\u00bbInternational\u00a0\u00bb][\/vc_tta_section][\/vc_tta_tabs][\/vc_column][\/vc_row]<\/p>\n<\/div>","protected":false},"excerpt":{"rendered":"<p>[vc_row][vc_column][vc_row_inner][vc_column_inner][vc_column_text css=\u00a0\u00bb\u00a0\u00bb] L\u2019adh\u00e9sion au Forest &amp; Stream Club ouvre la porte \u00e0 un r\u00e9seau exceptionnel de clubs priv\u00e9s \u00e0 travers le monde. Gr\u00e2ce \u00e0 nos ententes de r\u00e9ciprocit\u00e9, nos membres peuvent profiter d\u2019un acc\u00e8s \u00e0 des clubs remarquables situ\u00e9s dans de grandes villes ainsi que dans des destinations uniques en Am\u00e9rique du Nord, en Europe et ailleurs. Explorez la carte&hellip;<\/p>\n","protected":false},"author":16,"featured_media":0,"parent":0,"menu_order":0,"comment_status":"closed","ping_status":"closed","template":"","meta":{"footnotes":""},"class_list":["post-5405","page","type-page","status-publish","hentry"],"yoast_head":"<!-- This site is optimized with the Yoast SEO plugin v27.3 - https:\/\/yoast.com\/product\/yoast-seo-wordpress\/ -->\n<title>Clubs R\u00e9ciproques | Le Forest &amp; Stream Club<\/title>\n<meta name=\"description\" content=\"Voici la liste des clubs r\u00e9ciproques auxquels vous avez acc\u00e8s en tant que membre du Forest &amp; Stream Club.\" \/>\n<meta name=\"robots\" content=\"index, follow, max-snippet:-1, max-image-preview:large, max-video-preview:-1\" \/>\n<link rel=\"canonical\" href=\"https:\/\/forestandstream.ca\/fr\/clubs-reciproques\/\" \/>\n<meta property=\"og:locale\" content=\"fr_FR\" \/>\n<meta property=\"og:type\" content=\"article\" \/>\n<meta property=\"og:title\" content=\"Clubs R\u00e9ciproques | Le Forest &amp; Stream Club\" \/>\n<meta property=\"og:description\" content=\"Voici la liste des clubs r\u00e9ciproques auxquels vous avez acc\u00e8s en tant que membre du Forest &amp; Stream Club.\" \/>\n<meta property=\"og:url\" content=\"https:\/\/forestandstream.ca\/fr\/clubs-reciproques\/\" \/>\n<meta property=\"og:site_name\" content=\"Le Forest &amp; Stream Club\" \/>\n<meta property=\"article:modified_time\" content=\"2026-03-16T20:24:57+00:00\" \/>\n<meta name=\"twitter:card\" content=\"summary_large_image\" \/>\n<meta name=\"twitter:label1\" content=\"Dur\u00e9e de lecture estim\u00e9e\" \/>\n\t<meta name=\"twitter:data1\" content=\"1 minute\" \/>\n<script type=\"application\/ld+json\" class=\"yoast-schema-graph\">{\"@context\":\"https:\\\/\\\/schema.org\",\"@graph\":[{\"@type\":\"WebPage\",\"@id\":\"https:\\\/\\\/forestandstream.ca\\\/fr\\\/clubs-reciproques\\\/\",\"url\":\"https:\\\/\\\/forestandstream.ca\\\/fr\\\/clubs-reciproques\\\/\",\"name\":\"Clubs R\u00e9ciproques | Le Forest & Stream Club\",\"isPartOf\":{\"@id\":\"https:\\\/\\\/forestandstream.ca\\\/#website\"},\"datePublished\":\"2025-10-22T19:56:14+00:00\",\"dateModified\":\"2026-03-16T20:24:57+00:00\",\"description\":\"Voici la liste des clubs r\u00e9ciproques auxquels vous avez acc\u00e8s en tant que membre du Forest & Stream Club.\",\"breadcrumb\":{\"@id\":\"https:\\\/\\\/forestandstream.ca\\\/fr\\\/clubs-reciproques\\\/#breadcrumb\"},\"inLanguage\":\"fr-FR\",\"potentialAction\":[{\"@type\":\"ReadAction\",\"target\":[\"https:\\\/\\\/forestandstream.ca\\\/fr\\\/clubs-reciproques\\\/\"]}]},{\"@type\":\"BreadcrumbList\",\"@id\":\"https:\\\/\\\/forestandstream.ca\\\/fr\\\/clubs-reciproques\\\/#breadcrumb\",\"itemListElement\":[{\"@type\":\"ListItem\",\"position\":1,\"name\":\"Home\",\"item\":\"https:\\\/\\\/forestandstream.ca\\\/fr\\\/bienvenue\\\/\"},{\"@type\":\"ListItem\",\"position\":2,\"name\":\"Clubs R\u00e9ciproques\"}]},{\"@type\":\"WebSite\",\"@id\":\"https:\\\/\\\/forestandstream.ca\\\/#website\",\"url\":\"https:\\\/\\\/forestandstream.ca\\\/\",\"name\":\"Le Forest & Stream Club\",\"description\":\"\",\"potentialAction\":[{\"@type\":\"SearchAction\",\"target\":{\"@type\":\"EntryPoint\",\"urlTemplate\":\"https:\\\/\\\/forestandstream.ca\\\/?s={search_term_string}\"},\"query-input\":{\"@type\":\"PropertyValueSpecification\",\"valueRequired\":true,\"valueName\":\"search_term_string\"}}],\"inLanguage\":\"fr-FR\"}]}<\/script>\n<!-- \/ Yoast SEO plugin. -->","yoast_head_json":{"title":"Clubs R\u00e9ciproques | Le Forest & Stream Club","description":"Voici la liste des clubs r\u00e9ciproques auxquels vous avez acc\u00e8s en tant que membre du Forest & Stream Club.","robots":{"index":"index","follow":"follow","max-snippet":"max-snippet:-1","max-image-preview":"max-image-preview:large","max-video-preview":"max-video-preview:-1"},"canonical":"https:\/\/forestandstream.ca\/fr\/clubs-reciproques\/","og_locale":"fr_FR","og_type":"article","og_title":"Clubs R\u00e9ciproques | Le Forest & Stream Club","og_description":"Voici la liste des clubs r\u00e9ciproques auxquels vous avez acc\u00e8s en tant que membre du Forest & Stream Club.","og_url":"https:\/\/forestandstream.ca\/fr\/clubs-reciproques\/","og_site_name":"Le Forest & Stream Club","article_modified_time":"2026-03-16T20:24:57+00:00","twitter_card":"summary_large_image","twitter_misc":{"Dur\u00e9e de lecture estim\u00e9e":"1 minute"},"schema":{"@context":"https:\/\/schema.org","@graph":[{"@type":"WebPage","@id":"https:\/\/forestandstream.ca\/fr\/clubs-reciproques\/","url":"https:\/\/forestandstream.ca\/fr\/clubs-reciproques\/","name":"Clubs R\u00e9ciproques | Le Forest & Stream Club","isPartOf":{"@id":"https:\/\/forestandstream.ca\/#website"},"datePublished":"2025-10-22T19:56:14+00:00","dateModified":"2026-03-16T20:24:57+00:00","description":"Voici la liste des clubs r\u00e9ciproques auxquels vous avez acc\u00e8s en tant que membre du Forest & Stream Club.","breadcrumb":{"@id":"https:\/\/forestandstream.ca\/fr\/clubs-reciproques\/#breadcrumb"},"inLanguage":"fr-FR","potentialAction":[{"@type":"ReadAction","target":["https:\/\/forestandstream.ca\/fr\/clubs-reciproques\/"]}]},{"@type":"BreadcrumbList","@id":"https:\/\/forestandstream.ca\/fr\/clubs-reciproques\/#breadcrumb","itemListElement":[{"@type":"ListItem","position":1,"name":"Home","item":"https:\/\/forestandstream.ca\/fr\/bienvenue\/"},{"@type":"ListItem","position":2,"name":"Clubs R\u00e9ciproques"}]},{"@type":"WebSite","@id":"https:\/\/forestandstream.ca\/#website","url":"https:\/\/forestandstream.ca\/","name":"Le Forest & Stream Club","description":"","potentialAction":[{"@type":"SearchAction","target":{"@type":"EntryPoint","urlTemplate":"https:\/\/forestandstream.ca\/?s={search_term_string}"},"query-input":{"@type":"PropertyValueSpecification","valueRequired":true,"valueName":"search_term_string"}}],"inLanguage":"fr-FR"}]}},"_links":{"self":[{"href":"https:\/\/forestandstream.ca\/fr\/wp-json\/wp\/v2\/pages\/5405","targetHints":{"allow":["GET"]}}],"collection":[{"href":"https:\/\/forestandstream.ca\/fr\/wp-json\/wp\/v2\/pages"}],"about":[{"href":"https:\/\/forestandstream.ca\/fr\/wp-json\/wp\/v2\/types\/page"}],"author":[{"embeddable":true,"href":"https:\/\/forestandstream.ca\/fr\/wp-json\/wp\/v2\/users\/16"}],"replies":[{"embeddable":true,"href":"https:\/\/forestandstream.ca\/fr\/wp-json\/wp\/v2\/comments?post=5405"}],"version-history":[{"count":0,"href":"https:\/\/forestandstream.ca\/fr\/wp-json\/wp\/v2\/pages\/5405\/revisions"}],"wp:attachment":[{"href":"https:\/\/forestandstream.ca\/fr\/wp-json\/wp\/v2\/media?parent=5405"}],"curies":[{"name":"wp","href":"https:\/\/api.w.org\/{rel}","templated":true}]}}